{"id":2,"date":"2014-02-26T12:46:08","date_gmt":"2014-02-26T12:46:08","guid":{"rendered":"http:\/\/localhost\/wordpress-3.8\/wordpress\/?page_id=2"},"modified":"2016-09-28T12:41:47","modified_gmt":"2016-09-28T12:41:47","slug":"sample-page","status":"publish","type":"page","link":"https:\/\/www.autohausvasto.de\/","title":{"rendered":"Home"},"content":{"rendered":"<p>&nbsp;<\/p>\n<p><img data-recalc-dims=\"1\" loading=\"lazy\" decoding=\"async\" src=\"https:\/\/i0.wp.com\/autohausvasto.de\/wp-content\/uploads\/2014\/03\/brand_logo_3.png?resize=102%2C85\" alt=\"brand_logo_3\" width=\"102\" height=\"85\" \/><img data-recalc-dims=\"1\" loading=\"lazy\" decoding=\"async\" src=\"https:\/\/i0.wp.com\/autohausvasto.de\/wp-content\/uploads\/2014\/03\/brand_logo_13.png?resize=85%2C85\" alt=\"brand_logo_13\" width=\"85\" height=\"85\" \/><img data-recalc-dims=\"1\" loading=\"lazy\" decoding=\"async\" src=\"https:\/\/i0.wp.com\/autohausvasto.de\/wp-content\/uploads\/2014\/03\/brand_logo_17.png?resize=82%2C85\" alt=\"brand_logo_17\" width=\"82\" height=\"85\" \/><img data-recalc-dims=\"1\" loading=\"lazy\" decoding=\"async\" class=\"alignright\" src=\"https:\/\/i0.wp.com\/autohausvasto.de\/wp-content\/uploads\/2014\/03\/brand_logo_2.png?resize=68%2C85\" alt=\"brand_logo_2\" width=\"68\" height=\"85\" \/><img data-recalc-dims=\"1\" loading=\"lazy\" decoding=\"async\" class=\"alignright\" src=\"https:\/\/i0.wp.com\/autohausvasto.de\/wp-content\/uploads\/2014\/03\/brand_logo_4.png?resize=112%2C85\" alt=\"brand_logo_4\" width=\"112\" height=\"85\" \/><\/p>\n<p>&nbsp;<\/p>\n<p>&nbsp;<\/p>\n<table border=\"1\" width=\"1120\" cellspacing=\"0\" cellpadding=\"0\">\n<tbody>\n<tr>\n<td valign=\"top\" width=\"340\">&nbsp;<\/p>\n<p><b>Wir kontrollieren f\u00fcr Sie<\/b><\/td>\n<td valign=\"top\" width=\"240\">&nbsp;<\/p>\n<p><b>Reparaturservice<\/b><\/td>\n<td valign=\"top\" width=\"240\">&nbsp;<\/p>\n<p><b>Automobile<\/b><\/td>\n<td valign=\"top\" width=\"300\">&nbsp;<\/p>\n<p><b>HU \/ AU<\/b><\/td>\n<\/tr>\n<tr>\n<td valign=\"top\" width=\"294\">&#8211; Bereifung und Reifendruck<br \/>\n&#8211; Keilriemen<br \/>\n&#8211; Beleuchtungs- und Warnanlage<br \/>\n&#8211; Signalhorn<br \/>\n&#8211; Eigendiagnose-Speicher<br \/>\n&#8211; Scheibenwaschanlage und Wischerbl\u00e4tter<br \/>\n&#8211; Fl\u00fcssigkeitsst\u00e4nde<br \/>\n&#8211; Frostschutzgehalt<br \/>\n&#8211; Ladestrom des Generators<br \/>\n&#8211; Batterie<br \/>\n&#8211; Einspr\u00fchen der T\u00fcrgummis und T\u00fcrschl\u00f6sser<\/td>\n<td valign=\"top\" width=\"217\">&#8211; Achsvermessung<br \/>\n&#8211; Reifenservice \/ Auswuchten<br \/>\n&#8211; Inspektionsservice<br \/>\n&#8211; Auspuff \/ Ru\u00dfpartikelfilter<br \/>\n&#8211; Bremsenservice<br \/>\n&#8211; Klimaservice<br \/>\n&#8211; Karosserie<br \/>\n&#8211; Motordiagnose<br \/>\n&#8211; \u00d6lservice<br \/>\n&#8211; Airbag uvm.<\/td>\n<td valign=\"top\" width=\"227\">&#8211; Fahrzeug An- und Verkauf<br \/>\n&#8211; Fahrzeugbewertung<br \/>\n&#8211; Fahrzeugaufbereitung<br \/>\n&#8211; Inzahlungnahme<br \/>\n&#8211; Finanzierung<br \/>\n&#8211; Ab- und Anmeldung<br \/>\n&#8211; individuelle Beratung<\/td>\n<td valign=\"top\" width=\"240\">\u00a0&#8211; jede Woche ist der T\u00fcV im Haus<\/p>\n<p><img data-recalc-dims=\"1\" loading=\"lazy\" decoding=\"async\" data-attachment-id=\"69\" data-permalink=\"https:\/\/www.autohausvasto.de\/?attachment_id=69\" data-orig-file=\"https:\/\/i0.wp.com\/www.autohausvasto.de\/wp-content\/uploads\/2014\/03\/Tuev.png?fit=121%2C121&amp;ssl=1\" data-orig-size=\"121,121\" data-comments-opened=\"0\" data-image-meta=\"{&quot;aperture&quot;:&quot;0&quot;,&quot;credit&quot;:&quot;&quot;,&quot;camera&quot;:&quot;&quot;,&quot;caption&quot;:&quot;&quot;,&quot;created_timestamp&quot;:&quot;0&quot;,&quot;copyright&quot;:&quot;&quot;,&quot;focal_length&quot;:&quot;0&quot;,&quot;iso&quot;:&quot;0&quot;,&quot;shutter_speed&quot;:&quot;0&quot;,&quot;title&quot;:&quot;&quot;}\" data-image-title=\"T\u00fcV\" data-image-description=\"\" data-image-caption=\"\" data-medium-file=\"https:\/\/i0.wp.com\/www.autohausvasto.de\/wp-content\/uploads\/2014\/03\/Tuev.png?fit=121%2C121&amp;ssl=1\" data-large-file=\"https:\/\/i0.wp.com\/www.autohausvasto.de\/wp-content\/uploads\/2014\/03\/Tuev.png?fit=121%2C121&amp;ssl=1\" class=\"alignleft wp-image-69 size-full\" src=\"https:\/\/i0.wp.com\/www.autohausvasto.de\/wp-content\/uploads\/2014\/03\/Tuev.png?resize=121%2C121\" alt=\"T\u00fcV\" width=\"121\" height=\"121\" srcset=\"https:\/\/i0.wp.com\/www.autohausvasto.de\/wp-content\/uploads\/2014\/03\/Tuev.png?w=121&amp;ssl=1 121w, https:\/\/i0.wp.com\/www.autohausvasto.de\/wp-content\/uploads\/2014\/03\/Tuev.png?resize=100%2C100&amp;ssl=1 100w\" sizes=\"auto, (max-width: 121px) 100vw, 121px\" \/><\/td>\n<\/tr>\n<\/tbody>\n<\/table>\n","protected":false},"excerpt":{"rendered":"<p>&nbsp; &nbsp; &nbsp; &nbsp; Wir kontrollieren f\u00fcr Sie &nbsp; Reparaturservice &nbsp; Automobile &nbsp; HU \/ AU &#8211; Bereifung und Reifendruck &#8211; Keilriemen &#8211; Beleuchtungs- und Warnanlage &#8211; Signalhorn &#8211; Eigendiagnose-Speicher &#8211; Scheibenwaschanlage und Wischerbl\u00e4tter &#8211; Fl\u00fcssigkeitsst\u00e4nde &#8211; Frostschutzgehalt &#8211; Ladestrom des Generators &#8211; Batterie &#8211; Einspr\u00fchen der T\u00fcrgummis und T\u00fcrschl\u00f6sser &#8211; Achsvermessung &#8211; Reifenservice \/ Auswuchten &#8211; Inspektionsservice &#8211; Auspuff \/ Ru\u00dfpartikelfilter &#8211; Bremsenservice &#8211; Klimaservice &#8211; Karosserie &#8211; Motordiagnose &#8211; \u00d6lservice &#8211; Airbag uvm. &#8211; Fahrzeug An- und Verkauf &#8211; Fahrzeugbewertung &#8211; Fahrzeugaufbereitung &#8211; Inzahlungnahme &#8211; Finanzierung &#8211; Ab- und Anmeldung &#8211; individuelle Beratung \u00a0&#8211; jede Woche ist der T\u00fcV im Haus<\/p>\n","protected":false},"author":1,"featured_media":0,"parent":0,"menu_order":0,"comment_status":"closed","ping_status":"closed","template":"","meta":{"jetpack_post_was_ever_published":false,"footnotes":""},"class_list":["post-2","page","type-page","status-publish","hentry"],"jetpack_sharing_enabled":false,"jetpack_shortlink":"https:\/\/wp.me\/P7XWE7-2","jetpack-related-posts":[],"_links":{"self":[{"href":"https:\/\/www.autohausvasto.de\/index.php?rest_route=\/wp\/v2\/pages\/2","targetHints":{"allow":["GET"]}}],"collection":[{"href":"https:\/\/www.autohausvasto.de\/index.php?rest_route=\/wp\/v2\/pages"}],"about":[{"href":"https:\/\/www.autohausvasto.de\/index.php?rest_route=\/wp\/v2\/types\/page"}],"author":[{"embeddable":true,"href":"https:\/\/www.autohausvasto.de\/index.php?rest_route=\/wp\/v2\/users\/1"}],"replies":[{"embeddable":true,"href":"https:\/\/www.autohausvasto.de\/index.php?rest_route=%2Fwp%2Fv2%2Fcomments&post=2"}],"version-history":[{"count":81,"href":"https:\/\/www.autohausvasto.de\/index.php?rest_route=\/wp\/v2\/pages\/2\/revisions"}],"predecessor-version":[{"id":439,"href":"https:\/\/www.autohausvasto.de\/index.php?rest_route=\/wp\/v2\/pages\/2\/revisions\/439"}],"wp:attachment":[{"href":"https:\/\/www.autohausvasto.de\/index.php?rest_route=%2Fwp%2Fv2%2Fmedia&parent=2"}],"curies":[{"name":"wp","href":"https:\/\/api.w.org\/{rel}","templated":true}]}}